{"id":168,"date":"2020-02-23T16:08:35","date_gmt":"2020-02-23T15:08:35","guid":{"rendered":"https:\/\/www.koweb.fr\/intelligence-collective-et-numerique\/blog\/?page_id=168"},"modified":"2020-09-14T09:16:23","modified_gmt":"2020-09-14T08:16:23","slug":"abonnement-reussi","status":"publish","type":"page","link":"https:\/\/www.koweb.fr\/intelligence-collective-et-numerique\/blog\/abonnement-reussi","title":{"rendered":"Abonnement r\u00e9ussi."},"content":{"rendered":"\n<p>Vous \u00eates maintenant abonn\u00e9-e et recevrez chaque 3i\u00e8me lundi du mois notre s\u00e9lection de ressources pour vous aider \u00e0 progresser dans vos pratiques de collaboration gr\u00e2ce aux outils num\u00e9riques.<\/p>\n\n\n\n<!--more-->\n\n\n\n<hr class=\"wp-block-separator\"\/>\n\n\n\n<p>Pour ne rien r\u00e2ter, vous pouvez aussi :<\/p>\n\n\n\n<ul><li>Nous suivre sur <a href=\"https:\/\/www.facebook.com\/koweb.fr\/\">Facebook<\/a><\/li><li>Nous suivre sur <a href=\"https:\/\/www.linkedin.com\/company\/koweb-coop\/\">Linkedin<\/a><\/li><li>Vous <a href=\"\/blog.rss\">abonner \u00e0 notre flux RSS<\/a><\/li><li><a href=\"https:\/\/www.koweb.fr\/koweb\/la-lettre-abonnement\">Recevoir chaque mois l&rsquo;actualit\u00e9 de Koweb<\/a> avec les derni\u00e8res productions : vid\u00e9os, articles et tutoriels en acc\u00e8s libre ainsi que les dates des formations.<\/li><\/ul>\n","protected":false},"excerpt":{"rendered":"<p>Vous \u00eates maintenant abonn\u00e9-e et recevrez chaque 3i\u00e8me lundi du mois notre s\u00e9lection de ressources pour vous aider \u00e0 progresser dans vos pratiques de collaboration gr\u00e2ce aux outils num\u00e9riques.<\/p>\n","protected":false},"author":1,"featured_media":0,"parent":0,"menu_order":0,"comment_status":"closed","ping_status":"closed","template":"","meta":{"_uag_custom_page_level_css":"","footnotes":""},"yoast_head":"<!-- This site is optimized with the Yoast SEO plugin v22.3 - https:\/\/yoast.com\/wordpress\/plugins\/seo\/ -->\n<title>Abonnement r\u00e9ussi.<\/title>\n<meta name=\"robots\" content=\"index, follow, max-snippet:-1, max-image-preview:large, max-video-preview:-1\" \/>\n<link rel=\"canonical\" href=\"https:\/\/www.koweb.fr\/intelligence-collective-et-numerique\/blog\/abonnement-reussi\" \/>\n<meta property=\"og:locale\" content=\"fr_FR\" \/>\n<meta property=\"og:type\" content=\"article\" \/>\n<meta property=\"og:title\" content=\"Abonnement r\u00e9ussi.\" \/>\n<meta property=\"og:description\" content=\"Vous \u00eates maintenant abonn\u00e9-e et recevrez chaque 3i\u00e8me lundi du mois notre s\u00e9lection de ressources pour vous aider \u00e0 progresser dans vos pratiques de collaboration gr\u00e2ce aux outils num\u00e9riques.\" \/>\n<meta property=\"og:url\" content=\"https:\/\/www.koweb.fr\/intelligence-collective-et-numerique\/blog\/abonnement-reussi\" \/>\n<meta property=\"og:site_name\" content=\"INTELLIGENCE COLLECTIVE ET NUM\u00c9RIQUE\" \/>\n<meta property=\"article:publisher\" content=\"https:\/\/www.facebook.com\/koweb.fr\/\" \/>\n<meta property=\"article:modified_time\" content=\"2020-09-14T08:16:23+00:00\" \/>\n<meta property=\"og:image\" content=\"https:\/\/www.koweb.fr\/intelligence-collective-et-numerique\/blog\/wp-content\/uploads\/2020\/02\/koweb-cultiver-blog.png\" \/>\n\t<meta property=\"og:image:width\" content=\"465\" \/>\n\t<meta property=\"og:image:height\" content=\"238\" \/>\n\t<meta property=\"og:image:type\" content=\"image\/png\" \/>\n<meta name=\"twitter:card\" content=\"summary_large_image\" \/>\n<script type=\"application\/ld+json\" class=\"yoast-schema-graph\">{\"@context\":\"https:\/\/schema.org\",\"@graph\":[{\"@type\":\"WebPage\",\"@id\":\"https:\/\/www.koweb.fr\/intelligence-collective-et-numerique\/blog\/abonnement-reussi\",\"url\":\"https:\/\/www.koweb.fr\/intelligence-collective-et-numerique\/blog\/abonnement-reussi\",\"name\":\"Abonnement r\u00e9ussi.\",\"isPartOf\":{\"@id\":\"https:\/\/www.koweb.fr\/intelligence-collective-et-numerique\/blog\/#website\"},\"datePublished\":\"2020-02-23T15:08:35+00:00\",\"dateModified\":\"2020-09-14T08:16:23+00:00\",\"breadcrumb\":{\"@id\":\"https:\/\/www.koweb.fr\/intelligence-collective-et-numerique\/blog\/abonnement-reussi#breadcrumb\"},\"inLanguage\":\"fr-FR\",\"potentialAction\":[{\"@type\":\"ReadAction\",\"target\":[\"https:\/\/www.koweb.fr\/intelligence-collective-et-numerique\/blog\/abonnement-reussi\"]}]},{\"@type\":\"BreadcrumbList\",\"@id\":\"https:\/\/www.koweb.fr\/intelligence-collective-et-numerique\/blog\/abonnement-reussi#breadcrumb\",\"itemListElement\":[{\"@type\":\"ListItem\",\"position\":1,\"item\":{\"@type\":\"WebPage\",\"@id\":\"https:\/\/www.koweb.fr\",\"url\":\"https:\/\/www.koweb.fr\",\"name\":\"Koweb.fr\"}},{\"@type\":\"ListItem\",\"position\":2,\"item\":{\"@type\":\"WebPage\",\"@id\":\"https:\/\/www.koweb.fr\/intelligence-collective-et-numerique\",\"url\":\"https:\/\/www.koweb.fr\/intelligence-collective-et-numerique\",\"name\":\"Outils et m\u00e9thodes\"}},{\"@type\":\"ListItem\",\"position\":3,\"name\":\"Blog\",\"item\":\"https:\/\/www.koweb.fr\/intelligence-collective-et-numerique\/blog\"},{\"@type\":\"ListItem\",\"position\":4,\"name\":\"Abonnement r\u00e9ussi.\"}]},{\"@type\":\"WebSite\",\"@id\":\"https:\/\/www.koweb.fr\/#website\",\"url\":\"https:\/\/www.koweb.fr\",\"name\":\"INTELLIGENCE COLLECTIVE ET NUM\u00c9RIQUE\",\"description\":\"Cultiver des organisations participatives avec les outils num\u00e9riques\",\"publisher\":{\"@id\":\"https:\/\/www.koweb.fr\/#organization\"},\"inLanguage\":\"fr-FR\"},{\"@type\":\"Organization\",\"@id\":\"https:\/\/www.koweb.fr\/#organization\",\"name\":\"Koweb\",\"url\":\"https:\/\/www.koweb.fr\",\"logo\":{\"@type\":\"ImageObject\",\"inLanguage\":\"fr-FR\",\"@id\":\"https:\/\/www.koweb.fr\/intelligence-collective-et-numerique\/blog\/#\/schema\/logo\/image\/\",\"url\":\"https:\/\/www.koweb.fr\/intelligence-collective-et-numerique\/blog\/wp-content\/uploads\/2020\/02\/koweb-logo.png\",\"contentUrl\":\"https:\/\/www.koweb.fr\/intelligence-collective-et-numerique\/blog\/wp-content\/uploads\/2020\/02\/koweb-logo.png\",\"width\":700,\"height\":200,\"caption\":\"Koweb\"},\"image\":{\"@id\":\"https:\/\/www.koweb.fr\/intelligence-collective-et-numerique\/blog\/#\/schema\/logo\/image\/\"},\"sameAs\":[\"https:\/\/www.facebook.com\/koweb.fr\/\",\"https:\/\/www.linkedin.com\/company\/koweb-coop\/\"]}]}<\/script>\n<!-- \/ Yoast SEO plugin. -->","yoast_head_json":{"title":"Abonnement r\u00e9ussi.","robots":{"index":"index","follow":"follow","max-snippet":"max-snippet:-1","max-image-preview":"max-image-preview:large","max-video-preview":"max-video-preview:-1"},"canonical":"https:\/\/www.koweb.fr\/intelligence-collective-et-numerique\/blog\/abonnement-reussi","og_locale":"fr_FR","og_type":"article","og_title":"Abonnement r\u00e9ussi.","og_description":"Vous \u00eates maintenant abonn\u00e9-e et recevrez chaque 3i\u00e8me lundi du mois notre s\u00e9lection de ressources pour vous aider \u00e0 progresser dans vos pratiques de collaboration gr\u00e2ce aux outils num\u00e9riques.","og_url":"https:\/\/www.koweb.fr\/intelligence-collective-et-numerique\/blog\/abonnement-reussi","og_site_name":"INTELLIGENCE COLLECTIVE ET NUM\u00c9RIQUE","article_publisher":"https:\/\/www.facebook.com\/koweb.fr\/","article_modified_time":"2020-09-14T08:16:23+00:00","og_image":[{"width":465,"height":238,"url":"https:\/\/www.koweb.fr\/intelligence-collective-et-numerique\/blog\/wp-content\/uploads\/2020\/02\/koweb-cultiver-blog.png","type":"image\/png"}],"twitter_card":"summary_large_image","schema":{"@context":"https:\/\/schema.org","@graph":[{"@type":"WebPage","@id":"https:\/\/www.koweb.fr\/intelligence-collective-et-numerique\/blog\/abonnement-reussi","url":"https:\/\/www.koweb.fr\/intelligence-collective-et-numerique\/blog\/abonnement-reussi","name":"Abonnement r\u00e9ussi.","isPartOf":{"@id":"https:\/\/www.koweb.fr\/intelligence-collective-et-numerique\/blog\/#website"},"datePublished":"2020-02-23T15:08:35+00:00","dateModified":"2020-09-14T08:16:23+00:00","breadcrumb":{"@id":"https:\/\/www.koweb.fr\/intelligence-collective-et-numerique\/blog\/abonnement-reussi#breadcrumb"},"inLanguage":"fr-FR","potentialAction":[{"@type":"ReadAction","target":["https:\/\/www.koweb.fr\/intelligence-collective-et-numerique\/blog\/abonnement-reussi"]}]},{"@type":"BreadcrumbList","@id":"https:\/\/www.koweb.fr\/intelligence-collective-et-numerique\/blog\/abonnement-reussi#breadcrumb","itemListElement":[{"@type":"ListItem","position":1,"item":{"@type":"WebPage","@id":"https:\/\/www.koweb.fr","url":"https:\/\/www.koweb.fr","name":"Koweb.fr"}},{"@type":"ListItem","position":2,"item":{"@type":"WebPage","@id":"https:\/\/www.koweb.fr\/intelligence-collective-et-numerique","url":"https:\/\/www.koweb.fr\/intelligence-collective-et-numerique","name":"Outils et m\u00e9thodes"}},{"@type":"ListItem","position":3,"name":"Blog","item":"https:\/\/www.koweb.fr\/intelligence-collective-et-numerique\/blog"},{"@type":"ListItem","position":4,"name":"Abonnement r\u00e9ussi."}]},{"@type":"WebSite","@id":"https:\/\/www.koweb.fr\/#website","url":"https:\/\/www.koweb.fr","name":"INTELLIGENCE COLLECTIVE ET NUM\u00c9RIQUE","description":"Cultiver des organisations participatives avec les outils num\u00e9riques","publisher":{"@id":"https:\/\/www.koweb.fr\/#organization"},"inLanguage":"fr-FR"},{"@type":"Organization","@id":"https:\/\/www.koweb.fr\/#organization","name":"Koweb","url":"https:\/\/www.koweb.fr","logo":{"@type":"ImageObject","inLanguage":"fr-FR","@id":"https:\/\/www.koweb.fr\/intelligence-collective-et-numerique\/blog\/#\/schema\/logo\/image\/","url":"https:\/\/www.koweb.fr\/intelligence-collective-et-numerique\/blog\/wp-content\/uploads\/2020\/02\/koweb-logo.png","contentUrl":"https:\/\/www.koweb.fr\/intelligence-collective-et-numerique\/blog\/wp-content\/uploads\/2020\/02\/koweb-logo.png","width":700,"height":200,"caption":"Koweb"},"image":{"@id":"https:\/\/www.koweb.fr\/intelligence-collective-et-numerique\/blog\/#\/schema\/logo\/image\/"},"sameAs":["https:\/\/www.facebook.com\/koweb.fr\/","https:\/\/www.linkedin.com\/company\/koweb-coop\/"]}]}},"jetpack_sharing_enabled":true,"uagb_featured_image_src":{"full":false,"thumbnail":false,"medium":false,"medium_large":false,"large":false,"1536x1536":false,"2048x2048":false,"post-thumbnail":false,"post-image":false},"uagb_author_info":{"display_name":"koweb","author_link":"https:\/\/www.koweb.fr\/intelligence-collective-et-numerique\/blog\/author\/koweb"},"uagb_comment_info":0,"uagb_excerpt":"Vous \u00eates maintenant abonn\u00e9-e et recevrez chaque 3i\u00e8me lundi du mois notre s\u00e9lection de ressources pour vous aider \u00e0 progresser dans vos pratiques de collaboration gr\u00e2ce aux outils num\u00e9riques.","_links":{"self":[{"href":"https:\/\/www.koweb.fr\/intelligence-collective-et-numerique\/blog\/wp-json\/wp\/v2\/pages\/168"}],"collection":[{"href":"https:\/\/www.koweb.fr\/intelligence-collective-et-numerique\/blog\/wp-json\/wp\/v2\/pages"}],"about":[{"href":"https:\/\/www.koweb.fr\/intelligence-collective-et-numerique\/blog\/wp-json\/wp\/v2\/types\/page"}],"author":[{"embeddable":true,"href":"https:\/\/www.koweb.fr\/intelligence-collective-et-numerique\/blog\/wp-json\/wp\/v2\/users\/1"}],"replies":[{"embeddable":true,"href":"https:\/\/www.koweb.fr\/intelligence-collective-et-numerique\/blog\/wp-json\/wp\/v2\/comments?post=168"}],"version-history":[{"count":7,"href":"https:\/\/www.koweb.fr\/intelligence-collective-et-numerique\/blog\/wp-json\/wp\/v2\/pages\/168\/revisions"}],"predecessor-version":[{"id":243,"href":"https:\/\/www.koweb.fr\/intelligence-collective-et-numerique\/blog\/wp-json\/wp\/v2\/pages\/168\/revisions\/243"}],"wp:attachment":[{"href":"https:\/\/www.koweb.fr\/intelligence-collective-et-numerique\/blog\/wp-json\/wp\/v2\/media?parent=168"}],"curies":[{"name":"wp","href":"https:\/\/api.w.org\/{rel}","templated":true}]}}